{"id":2306,"date":"2014-07-17T13:16:17","date_gmt":"2014-07-17T13:16:17","guid":{"rendered":"https:\/\/casetecnologia.com\/home\/?lang=en"},"modified":"2017-02-22T17:43:20","modified_gmt":"2017-02-22T20:43:20","slug":"home","status":"publish","type":"page","link":"https:\/\/casetecnologia.com\/en\/","title":{"rendered":"Home"},"content":{"rendered":"<p>[vc_row][vc_column][block_title title=&#8221;O que nos torna refer\u00eancia no mercado?&#8221; description=&#8221;Phasellus enim libero, blandit vel sapien vitae, condimentum ultricies magna. lobortis aliquam. Aliquam in tortor enim.&#8221;][\/block_title][vc_row_inner css=&#8221;.vc_custom_1467146001673{padding-top: 30px !important;}&#8221;][vc_column_inner width=&#8221;1\/4&#8243;][services_medium title=&#8221;Profissionais especialistas&#8221; icon=&#8221;steadysets-icon-users2&#8243;]Com <strong>profissionais especializados<\/strong>, recursos diferenciados, equipamentos e tecnologia de ponta, garantimos \u00f3tima <strong>qualidade, seguran\u00e7a e agilidade<\/strong> na realiza\u00e7\u00e3o\u00a0dos nossos servi\u00e7os.[\/services_medium][\/vc_column_inner][vc_column_inner width=&#8221;1\/4&#8243;][services_medium title=&#8221;Entrega com agilidade&#8221; icon=&#8221;steadysets-icon-stopwatch&#8221;]A\u00a0<strong>agilidade<\/strong>\u00a0para\u00a0<strong>entrega<\/strong>\u00a0dos produtos \u00e9 uma das principais caracter\u00edsticas da <strong>Case Tecnologia<\/strong>.\u00a0Sabemos o qu\u00e3o importante \u00e9 para nossos clientes receber os seus servi\u00e7os no<strong> prazo determinado.<\/strong>[\/services_medium][\/vc_column_inner][vc_column_inner width=&#8221;1\/4&#8243;][services_medium title=&#8221;Estrutura ampla&#8221; icon=&#8221;moon-office&#8221;]A <strong>Case Tecnologia<\/strong> possui\u00a0uma <strong>estrutura ampla<\/strong> para melhor atend\u00ea-lo. Venha nos fazer uma visita e conhecer as novidades, tend\u00eancias e <strong>solu\u00e7\u00f5es para sua empresa.<\/strong>[\/services_medium][\/vc_column_inner][vc_column_inner width=&#8221;1\/4&#8243;][services_medium title=&#8221;Atendimento personalizado&#8221; icon=&#8221;steadysets-icon-chat-3&#8243;]O nosso <strong>atendimento \u00e9 personalizado<\/strong>,\u00a0independente do seu tamanho ou ramo de atua\u00e7\u00e3o\u00a0a <strong>Case Tecnologia<\/strong>\u00a0ter\u00e1 sempre a <strong>melhor solu\u00e7\u00e3o<\/strong> para voc\u00ea.[\/services_medium][\/vc_column_inner][\/vc_row_inner][\/vc_column][\/vc_row][vc_row type=&#8221;full_width_background&#8221; bg_color=&#8221;base&#8221; text_color=&#8221;light&#8221; top_padding=&#8221;30&#8243; bottom_padding=&#8221;30&#8243;][vc_column css=&#8221;.vc_custom_1467324843632{padding-top: 10px !important;}&#8221;][textbar title=&#8221;Curta nossa p\u00e1gina e fique por dentro das novidades.&#8221; button_title=&#8221;Clique aqui&#8221; button_link=&#8221;https:\/\/www.facebook.com\/casetecnologiabh&#8221; icon=&#8221;linecon-icon-like&#8221;][\/vc_column][\/vc_row][vc_row type=&#8221;full_width_background&#8221; top_padding=&#8221;80&#8243; bottom_padding=&#8221;0&#8243;][vc_column width=&#8221;1\/2&#8243;][vc_column_text]<img loading=\"lazy\" class=\"alignnone wp-image-1986\" src=\"https:\/\/casetecnologia.com\/wp-content\/uploads\/2014\/07\/loja-wamp-300x164.png\" alt=\"loja-wamp\" width=\"951\" height=\"520\" srcset=\"https:\/\/casetecnologia.com\/wp-content\/uploads\/2014\/07\/loja-wamp-300x164.png 300w, https:\/\/casetecnologia.com\/wp-content\/uploads\/2014\/07\/loja-wamp-768x421.png 768w, https:\/\/casetecnologia.com\/wp-content\/uploads\/2014\/07\/loja-wamp.png 827w\" sizes=\"(max-width: 951px) 100vw, 951px\" \/>[\/vc_column_text][\/vc_column][vc_column width=&#8221;1\/2&#8243;][block_title style=&#8221;column_title&#8221; title=&#8221;Conhe\u00e7a nossos Servi\u00e7os&#8221;][\/block_title][vc_row_inner css=&#8221;.vc_custom_1467141152418{padding-bottom: 30px !important;}&#8221;][vc_column_inner width=&#8221;1\/2&#8243;][list icon=&#8221;steadysets-icon-checkmark&#8221;][list_item title=&#8221;Consultoria e solu\u00e7\u00f5es personalizadas em TI&#8221;][list_item title=&#8221;Sites e Lojas Virtuais&#8221;][list_item title=&#8221;Gerenciamento de redes sociais&#8221;][\/list][\/vc_column_inner][vc_column_inner width=&#8221;1\/2&#8243;][list icon=&#8221;steadysets-icon-checkmark&#8221;][list_item title=&#8221;Instala\u00e7\u00e3o e manuten\u00e7\u00e3o de computadores&#8221;][list_item title=&#8221;Instala\u00e7\u00e3o de circuito de CFTV&#8221;][list_item title=&#8221;Marketing digital&#8221;][\/list][\/vc_column_inner][\/vc_row_inner][button title=&#8221;LEIA MAIS&#8221; link=&#8221;\/servicos&#8221; icon=&#8221;moon-arrow-right-5&#8243;][\/vc_column][\/vc_row][vc_row][vc_column width=&#8221;1\/2&#8243;][vc_empty_space height=&#8221;30px&#8221;][block_title style=&#8221;column_title&#8221; title=&#8221;Por que escolher a Case?&#8221; second_title=&#8221; deixe os seus problemas de TI para tr\u00e1s!&#8221;][\/block_title][vc_column_text]A Case Tecnologia surgiu tendo como meta sempre simplificar e facilitar o uso das diversas tecnologias para os seus clientes, e vem ganhando espa\u00e7o no mercado pela qualidade e rapidez na execu\u00e7\u00e3o dos seus servi\u00e7os.<\/p>\n<p>Aqui o cliente recebe um atendimento exclusivo, em que toda a experi\u00eancia acumulada em mais de 15 anos na \u00e1rea de TI se transforma em parcerias duradouras e clientes satisfeitos.[\/vc_column_text][\/vc_column][vc_column width=&#8221;1\/2&#8243;][vc_column_text]<img loading=\"lazy\" class=\"alignnone wp-image-2082\" src=\"https:\/\/casetecnologia.com\/wp-content\/uploads\/2014\/07\/case-tecnologia-1-300x183.jpg\" alt=\"case tecnologia\" width=\"808\" height=\"493\" srcset=\"https:\/\/casetecnologia.com\/wp-content\/uploads\/2014\/07\/case-tecnologia-1-300x183.jpg 300w, https:\/\/casetecnologia.com\/wp-content\/uploads\/2014\/07\/case-tecnologia-1-1024x623.jpg 1024w, https:\/\/casetecnologia.com\/wp-content\/uploads\/2014\/07\/case-tecnologia-1.jpg 1068w\" sizes=\"(max-width: 808px) 100vw, 808px\" \/>[\/vc_column_text][\/vc_column][\/vc_row][vc_row type=&#8221;full_width_background&#8221; bg_color=&#8221;#f7f7f7&#8243; top_padding=&#8221;60&#8243; bottom_padding=&#8221;45&#8243;][vc_column][block_title title=&#8221;Trabalhos recentes&#8221; description=&#8221;Phasellus enim libero, blandit vel sapien vitae, condimentum ultricies magna. lobortis aliquam. Aliquam in tortor enim.&#8221;][\/block_title][\/vc_column][\/vc_row][vc_row type=&#8221;full_width_content&#8221;][vc_column][recent_portfolio style=&#8221;grayscale&#8221; space=&#8221;no_space&#8221; columns=&#8221;3&#8243; carousel=&#8221;no&#8221;][\/vc_column][\/vc_row][vc_row][vc_column][block_title title=&#8221;\u00daltimas Not\u00edcias&#8221; description=&#8221;Phasellus enim libero, blandit vel sapien vitae, condimentum ultricies magna. lobortis aliquam. Aliquam in tortor enim.&#8221;][\/block_title][latest_blog carousel=&#8221;no&#8221; number_posts=&#8221;3&#8243;][\/vc_column][\/vc_row][vc_row type=&#8221;full_width_background&#8221; bg_color=&#8221;#f5f5f5&#8243;][vc_column][block_title title=&#8221;O que dizem nossos clientes&#8221;][\/block_title][testimonial_carousel test_cat=&#8221;0&#8243; duration=&#8221;500&#8243;][\/vc_column][\/vc_row][vc_row type=&#8221;full_width_background&#8221; top_padding=&#8221;40&#8243; bottom_padding=&#8221;40&#8243;][vc_column][clients][\/vc_column][\/vc_row]<\/p>\n","protected":false},"excerpt":{"rendered":"<p>[vc_row][vc_column][block_title title=&#8221;O que nos torna refer\u00eancia no mercado?&#8221; description=&#8221;Phasellus enim libero, blandit vel sapien vitae, condimentum ultricies magna. lobortis aliquam. Aliquam in tortor enim.&#8221;][\/block_title][vc_row_inner css=&#8221;.vc_custom_1467146001673{padding-top: 30px !important;}&#8221;][vc_column_inner width=&#8221;1\/4&#8243;][services_medium title=&#8221;Profissionais especialistas&#8221; icon=&#8221;steadysets-icon-users2&#8243;]Com profissionais especializados, recursos diferenciados, equipamentos e tecnologia de ponta, garantimos \u00f3tima qualidade, seguran\u00e7a e agilidade na realiza\u00e7\u00e3o\u00a0dos nossos servi\u00e7os.[\/services_medium][\/vc_column_inner][vc_column_inner width=&#8221;1\/4&#8243;][services_medium title=&#8221;Entrega com agilidade&#8221; icon=&#8221;steadysets-icon-stopwatch&#8221;]A\u00a0agilidade\u00a0para\u00a0entrega\u00a0dos [&hellip;]<\/p>\n","protected":false},"author":1,"featured_media":0,"parent":0,"menu_order":38,"comment_status":"open","ping_status":"open","template":"","meta":{"_mi_skip_tracking":false},"_links":{"self":[{"href":"https:\/\/casetecnologia.com\/en\/wp-json\/wp\/v2\/pages\/2306"}],"collection":[{"href":"https:\/\/casetecnologia.com\/en\/wp-json\/wp\/v2\/pages"}],"about":[{"href":"https:\/\/casetecnologia.com\/en\/wp-json\/wp\/v2\/types\/page"}],"author":[{"embeddable":true,"href":"https:\/\/casetecnologia.com\/en\/wp-json\/wp\/v2\/users\/1"}],"replies":[{"embeddable":true,"href":"https:\/\/casetecnologia.com\/en\/wp-json\/wp\/v2\/comments?post=2306"}],"version-history":[{"count":3,"href":"https:\/\/casetecnologia.com\/en\/wp-json\/wp\/v2\/pages\/2306\/revisions"}],"predecessor-version":[{"id":2349,"href":"https:\/\/casetecnologia.com\/en\/wp-json\/wp\/v2\/pages\/2306\/revisions\/2349"}],"wp:attachment":[{"href":"https:\/\/casetecnologia.com\/en\/wp-json\/wp\/v2\/media?parent=2306"}],"curies":[{"name":"wp","href":"https:\/\/api.w.org\/{rel}","templated":true}]}}