{"id":2310,"date":"2017-02-21T15:24:39","date_gmt":"2017-02-21T18:24:39","guid":{"rendered":"https:\/\/casetecnologia.com\/?page_id=2310&#038;lang=en"},"modified":"2017-02-21T15:26:46","modified_gmt":"2017-02-21T18:26:46","slug":"services","status":"publish","type":"page","link":"https:\/\/casetecnologia.com\/en\/services\/","title":{"rendered":"Services"},"content":{"rendered":"<p>[vc_row][vc_column][vc_row_inner][vc_column_inner][vc_gallery interval=&#8221;3&#8243; images=&#8221;2026,2025,2021,2022,2023,2024&#8243; img_size=&#8221;1200&#215;300&#8243;][\/vc_column_inner][\/vc_row_inner][vc_row_inner][vc_column_inner width=&#8221;1\/3&#8243;][vc_column_text]<\/p>\n<h3 style=\"text-align: center;\"><img loading=\"lazy\" class=\"alignnone size-full wp-image-2029\" src=\"https:\/\/casetecnologia.com\/wp-content\/uploads\/2016\/07\/s1.png\" alt=\"s1\" width=\"80\" height=\"80\" \/><\/h3>\n<h3 style=\"text-align: center;\">Sites e Lojas Virtuais<\/h3>\n<p style=\"text-align: center;\"><strong>Cria\u00e7\u00e3o de lojas e sites responsivos que se adaptam a telas de diversos tipos e tamanhos, proporcionando uma perfeita visualiza\u00e7\u00e3o em qualquer dispositivo.<\/strong><\/p>\n<p>[\/vc_column_text][\/vc_column_inner][vc_column_inner width=&#8221;1\/3&#8243;][vc_column_text]<\/p>\n<h3 style=\"text-align: center;\"><img loading=\"lazy\" class=\"alignnone size-full wp-image-2035\" src=\"https:\/\/casetecnologia.com\/wp-content\/uploads\/2016\/07\/s4.png\" alt=\"s4\" width=\"80\" height=\"80\" \/><\/h3>\n<h3 style=\"text-align: center;\">Gerenciamento de redes sociais<\/h3>\n<p style=\"text-align: center;\"><strong>Cria\u00e7\u00e3o e alimenta\u00e7\u00e3o dos\u00a0conte\u00fados\u00a0nas redes sociais. Acompanhamento de acessos e monitoramento dos resultados com elabora\u00e7\u00e3o de\u00a0relat\u00f3rios\u00a0peri\u00f3dicos .<\/strong><\/p>\n<p>[\/vc_column_text][\/vc_column_inner][vc_column_inner width=&#8221;1\/3&#8243;][vc_column_text]<\/p>\n<h3 style=\"text-align: center;\"><img loading=\"lazy\" class=\"alignnone size-full wp-image-2037\" src=\"https:\/\/casetecnologia.com\/wp-content\/uploads\/2016\/07\/s6.png\" alt=\"s6\" width=\"80\" height=\"80\" \/><\/h3>\n<h3 style=\"text-align: center;\">Instala\u00e7\u00e3o de circuito de CFTV<\/h3>\n<p style=\"text-align: center;\"><strong>Trabalhamos com instala\u00e7\u00e3o e configura\u00e7\u00e3o de\u00a0c\u00e2meras\u00a0para\u00a0monitoramento de circuitos de seguran\u00e7a, com\u00a0visualiza\u00e7\u00e3o\u00a0pela internet\u00a0atrav\u00e9s\u00a0de celulares e outros\u00a0dispositivos\u00a0m\u00f3veis.<\/strong><\/p>\n<p>[\/vc_column_text][\/vc_column_inner][\/vc_row_inner][\/vc_column][\/vc_row][vc_row][vc_column width=&#8221;1\/3&#8243;][vc_column_text]<\/p>\n<h3 style=\"text-align: center;\"><img loading=\"lazy\" class=\"alignnone size-full wp-image-2039\" src=\"https:\/\/casetecnologia.com\/wp-content\/uploads\/2016\/07\/s8.png\" alt=\"s8\" width=\"80\" height=\"80\" \/><\/h3>\n<h3 style=\"text-align: center;\">Instala\u00e7\u00e3o e manuten\u00e7\u00e3o de computadores<\/h3>\n<p style=\"text-align: center;\"><strong>Atendimento na\u00a0pr\u00f3pria\u00a0empresa ou domic\u00edlio, como servi\u00e7o eventual.<\/strong><\/p>\n<p>[\/vc_column_text][\/vc_column][vc_column width=&#8221;1\/3&#8243;][vc_column_text]<\/p>\n<h3 style=\"text-align: center;\"><img loading=\"lazy\" class=\"alignnone size-full wp-image-2036\" src=\"https:\/\/casetecnologia.com\/wp-content\/uploads\/2016\/07\/s5.png\" alt=\"s5\" width=\"80\" height=\"80\" \/><\/h3>\n<h3 style=\"text-align: center;\">Consultoria e solu\u00e7\u00f5es personalizadas em TI<\/h3>\n<p style=\"text-align: center;\"><strong>Seja qual for o seu problema pensaremos na solu\u00e7\u00e3o mais adequada para\u00a0voc\u00ea.\u00a0<\/strong><\/p>\n<p>[\/vc_column_text][\/vc_column][vc_column width=&#8221;1\/3&#8243;][vc_column_text]<\/p>\n<h3 style=\"text-align: center;\"><img loading=\"lazy\" class=\"alignnone size-full wp-image-2033\" src=\"https:\/\/casetecnologia.com\/wp-content\/uploads\/2016\/07\/s2.png\" alt=\"s2\" width=\"80\" height=\"80\" \/><\/h3>\n<h3 style=\"text-align: center;\">Ger\u00eancia de servidores Windows e Linux<\/h3>\n<p style=\"text-align: center;\"><strong>Oferecemos\u00a0solu\u00e7\u00f5es\u00a0completas em servidores Windows e Linux.<\/strong><\/p>\n<p>[\/vc_column_text][\/vc_column][\/vc_row][vc_row][vc_column width=&#8221;1\/3&#8243;][\/vc_column][vc_column width=&#8221;1\/3&#8243;][vc_column_text]<\/p>\n<h3 style=\"text-align: center;\"><img loading=\"lazy\" class=\"alignnone size-full wp-image-2038\" src=\"https:\/\/casetecnologia.com\/wp-content\/uploads\/2016\/07\/s7.png\" alt=\"s7\" width=\"80\" height=\"80\" \/><\/h3>\n<h3 style=\"text-align: center;\">Contrato de manuten\u00e7\u00e3o de computadores<\/h3>\n<p style=\"text-align: center;\"><strong>N\u00e3o importa o tamanho da sua empresa ,sabemos que ela n\u00e3o pode parar! O nosso contrato de manuten\u00e7\u00e3o garante atendimento\u00a0r\u00e1pido\u00a0e\u00a0eficiente, deixando os seus equipamentos de inform\u00e1tica com a maior disponibilidade\u00a0poss\u00edvel.<\/strong><\/p>\n<p>[\/vc_column_text][\/vc_column][vc_column width=&#8221;1\/3&#8243;][\/vc_column][\/vc_row]<\/p>\n","protected":false},"excerpt":{"rendered":"<p>[vc_row][vc_column][vc_row_inner][vc_column_inner][vc_gallery interval=&#8221;3&#8243; images=&#8221;2026,2025,2021,2022,2023,2024&#8243; img_size=&#8221;1200&#215;300&#8243;][\/vc_column_inner][\/vc_row_inner][vc_row_inner][vc_column_inner width=&#8221;1\/3&#8243;][vc_column_text] Sites e Lojas Virtuais Cria\u00e7\u00e3o de lojas e sites responsivos que se adaptam a telas de diversos tipos e tamanhos, proporcionando uma perfeita visualiza\u00e7\u00e3o em qualquer dispositivo. [\/vc_column_text][\/vc_column_inner][vc_column_inner width=&#8221;1\/3&#8243;][vc_column_text] Gerenciamento de redes sociais Cria\u00e7\u00e3o e alimenta\u00e7\u00e3o dos\u00a0conte\u00fados\u00a0nas redes sociais. Acompanhamento de acessos e monitoramento dos resultados com elabora\u00e7\u00e3o de\u00a0relat\u00f3rios\u00a0peri\u00f3dicos . [&hellip;]<\/p>\n","protected":false},"author":1,"featured_media":0,"parent":0,"menu_order":0,"comment_status":"closed","ping_status":"closed","template":"","meta":{"_mi_skip_tracking":false},"_links":{"self":[{"href":"https:\/\/casetecnologia.com\/en\/wp-json\/wp\/v2\/pages\/2310"}],"collection":[{"href":"https:\/\/casetecnologia.com\/en\/wp-json\/wp\/v2\/pages"}],"about":[{"href":"https:\/\/casetecnologia.com\/en\/wp-json\/wp\/v2\/types\/page"}],"author":[{"embeddable":true,"href":"https:\/\/casetecnologia.com\/en\/wp-json\/wp\/v2\/users\/1"}],"replies":[{"embeddable":true,"href":"https:\/\/casetecnologia.com\/en\/wp-json\/wp\/v2\/comments?post=2310"}],"version-history":[{"count":2,"href":"https:\/\/casetecnologia.com\/en\/wp-json\/wp\/v2\/pages\/2310\/revisions"}],"predecessor-version":[{"id":2339,"href":"https:\/\/casetecnologia.com\/en\/wp-json\/wp\/v2\/pages\/2310\/revisions\/2339"}],"wp:attachment":[{"href":"https:\/\/casetecnologia.com\/en\/wp-json\/wp\/v2\/media?parent=2310"}],"curies":[{"name":"wp","href":"https:\/\/api.w.org\/{rel}","templated":true}]}}