{"id":2320,"date":"2017-02-20T17:41:09","date_gmt":"2017-02-20T20:41:09","guid":{"rendered":"https:\/\/casetecnologia.com\/en\/?page_id=2320"},"modified":"2017-02-21T15:28:03","modified_gmt":"2017-02-21T18:28:03","slug":"about","status":"publish","type":"page","link":"https:\/\/casetecnologia.com\/en\/about\/","title":{"rendered":"About us"},"content":{"rendered":"<p>[vc_row type=&#8221;full_width_background&#8221; bg_color=&#8221;#f5f5f5&#8243; top_padding=&#8221;30&#8243; bottom_padding=&#8221;30&#8243;][vc_column css=&#8221;.vc_custom_1467315460773{padding-top: 10px !important;padding-bottom: 0px !important;}&#8221;][textbar title=&#8221;Venha para a Case e deixe os seus problemas de TI para tr\u00e1s!&#8221; style=&#8221;style_2&#8243; button_bool=&#8221;no&#8221;][\/vc_column][\/vc_row][vc_row type=&#8221;full_width_content&#8221; top_padding=&#8221;0&#8243; bottom_padding=&#8221;0&#8243;][vc_column width=&#8221;1\/2&#8243; background_image=&#8221;420&#8243;][vc_column_text]<img loading=\"lazy\" class=\"alignnone wp-image-2013\" src=\"https:\/\/casetecnologia.com\/wp-content\/uploads\/2014\/07\/sobre-case-1-300x165.jpg\" alt=\"sobre-case-1\" width=\"866\" height=\"476\" srcset=\"https:\/\/casetecnologia.com\/wp-content\/uploads\/2014\/07\/sobre-case-1-300x165.jpg 300w, https:\/\/casetecnologia.com\/wp-content\/uploads\/2014\/07\/sobre-case-1-768x423.jpg 768w, https:\/\/casetecnologia.com\/wp-content\/uploads\/2014\/07\/sobre-case-1.jpg 1000w\" sizes=\"(max-width: 866px) 100vw, 866px\" \/>[\/vc_column_text][\/vc_column][vc_column width=&#8221;1\/2&#8243; column_padding=&#8221;4%&#8221; background_color=&#8221;#ffffff&#8221;][block_title style=&#8221;column_title&#8221; title=&#8221;Sobre a Case Tecnologia&#8221; second_title=&#8221;Conhe\u00e7a um pouco da nossa hist\u00f3ria!&#8221;][\/block_title][vc_column_text]<\/p>\n<div id=\"home-sobre-titulo\">Sobre a Empresa<\/div>\n<div id=\"home-sobre-texto\">\n<p>A Case Tecnologia surgiu em 2009 da crescente demanda pelos servi\u00e7os antes prestados de forma aut\u00f4noma pelos seus fundadores.<\/p>\n<p>Tendo como meta sempre simplificar e facilitar o uso das diversas tecnologias para os seus clientes, vem ganhando espa\u00e7o no mercardo pela qualidade e rapidez na execu\u00e7\u00e3o dos seus servi\u00e7os.<\/p>\n<p>Aqui o cliente recebe um atendimento exclusivo, em que\u00a0toda a experi\u00eancia acumulada em mais de 15 anos na \u00e1rea de TI se transforma em parcerias duradouras e clientes satisfeitos.<\/p>\n<\/div>\n<p>[\/vc_column_text][\/vc_column][\/vc_row][vc_row type=&#8221;full_width_content&#8221; bg_color=&#8221;#f5f5f5&#8243; top_padding=&#8221;0&#8243; bottom_padding=&#8221;0&#8243;][vc_column column_padding=&#8221;4%&#8221; background_color=&#8221;#ffffff&#8221; background_color_opacity=&#8221;0.9&#8243;][vc_row_inner][vc_column_inner width=&#8221;1\/4&#8243;][list icon=&#8221;steadysets-icon-checkmark&#8221;][list_item style=&#8221;titledesc&#8221; title=&#8221;Profissionais especialistas&#8221; desc=&#8221;Com profissionais especializados, recursos diferenciados, equipamentos e tecnologia de ponta, garantimos \u00f3tima qualidade, seguran\u00e7a e agilidade na realiza\u00e7\u00e3o dos nossos servi\u00e7os.&#8221;][\/list][\/vc_column_inner][vc_column_inner width=&#8221;1\/4&#8243;][list icon=&#8221;steadysets-icon-checkmark&#8221;][list_item style=&#8221;titledesc&#8221; title=&#8221;Entrega com agilidade&#8221; desc=&#8221;A agilidade para entrega dos produtos \u00e9 uma das principais caracter\u00edsticas da Case Tecnologia. Sabemos o qu\u00e3o importante \u00e9 para nossos clientes receber os seus servi\u00e7os no prazo determinado.&#8221;][\/list][\/vc_column_inner][vc_column_inner width=&#8221;1\/4&#8243;][list icon=&#8221;steadysets-icon-checkmark&#8221;][list_item style=&#8221;titledesc&#8221; title=&#8221;Estrutura ampla&#8221; desc=&#8221;A Case Tecnologia possui uma estrutura ampla para melhor atende-lo. Venha nos fazer uma visita e conhecer as novidades, tend\u00eancias e solu\u00e7\u00f5es para sua empresa.&#8221;][\/list][\/vc_column_inner][vc_column_inner width=&#8221;1\/4&#8243;][list icon=&#8221;steadysets-icon-checkmark&#8221;][list_item style=&#8221;titledesc&#8221; title=&#8221;Atendimento personalizado&#8221; desc=&#8221;O nosso atendimento \u00e9 personalizado, independente do seu tamanho ou ramo de atua\u00e7\u00e3o a Case Tecnologia ter\u00e1 sempre a melhor solu\u00e7\u00e3o para voc\u00ea.&#8221;][\/list][\/vc_column_inner][\/vc_row_inner][\/vc_column][\/vc_row]<\/p>\n","protected":false},"excerpt":{"rendered":"<p>[vc_row type=&#8221;full_width_background&#8221; bg_color=&#8221;#f5f5f5&#8243; top_padding=&#8221;30&#8243; bottom_padding=&#8221;30&#8243;][vc_column css=&#8221;.vc_custom_1467315460773{padding-top: 10px !important;padding-bottom: 0px !important;}&#8221;][textbar title=&#8221;Venha para a Case e deixe os seus problemas de TI para tr\u00e1s!&#8221; style=&#8221;style_2&#8243; button_bool=&#8221;no&#8221;][\/vc_column][\/vc_row][vc_row type=&#8221;full_width_content&#8221; top_padding=&#8221;0&#8243; bottom_padding=&#8221;0&#8243;][vc_column width=&#8221;1\/2&#8243; background_image=&#8221;420&#8243;][vc_column_text][\/vc_column_text][\/vc_column][vc_column width=&#8221;1\/2&#8243; column_padding=&#8221;4%&#8221; background_color=&#8221;#ffffff&#8221;][block_title style=&#8221;column_title&#8221; title=&#8221;Sobre a Case Tecnologia&#8221; second_title=&#8221;Conhe\u00e7a um pouco da nossa hist\u00f3ria!&#8221;][\/block_title][vc_column_text] Sobre a Empresa A Case Tecnologia surgiu em 2009 da crescente [&hellip;]<\/p>\n","protected":false},"author":1,"featured_media":0,"parent":0,"menu_order":51,"comment_status":"open","ping_status":"open","template":"","meta":{"_mi_skip_tracking":false},"_links":{"self":[{"href":"https:\/\/casetecnologia.com\/en\/wp-json\/wp\/v2\/pages\/2320"}],"collection":[{"href":"https:\/\/casetecnologia.com\/en\/wp-json\/wp\/v2\/pages"}],"about":[{"href":"https:\/\/casetecnologia.com\/en\/wp-json\/wp\/v2\/types\/page"}],"author":[{"embeddable":true,"href":"https:\/\/casetecnologia.com\/en\/wp-json\/wp\/v2\/users\/1"}],"replies":[{"embeddable":true,"href":"https:\/\/casetecnologia.com\/en\/wp-json\/wp\/v2\/comments?post=2320"}],"version-history":[{"count":2,"href":"https:\/\/casetecnologia.com\/en\/wp-json\/wp\/v2\/pages\/2320\/revisions"}],"predecessor-version":[{"id":2342,"href":"https:\/\/casetecnologia.com\/en\/wp-json\/wp\/v2\/pages\/2320\/revisions\/2342"}],"wp:attachment":[{"href":"https:\/\/casetecnologia.com\/en\/wp-json\/wp\/v2\/media?parent=2320"}],"curies":[{"name":"wp","href":"https:\/\/api.w.org\/{rel}","templated":true}]}}